{"id":60079,"date":"2023-05-16T23:47:13","date_gmt":"2023-05-16T20:47:13","guid":{"rendered":"https:\/\/elapirlanta.com\/?post_type=product&#038;p=60079"},"modified":"2023-05-16T23:48:58","modified_gmt":"2023-05-16T20:48:58","slug":"2-05-carat-baguette-diamond-mini-set-3","status":"publish","type":"product","link":"https:\/\/elapirlanta.com\/en\/product\/2-05-carat-baguette-diamond-mini-set-3\/","title":{"rendered":"2.05 Carat Baguette Diamond Mini Set"},"content":{"rendered":"","protected":false},"excerpt":{"rendered":"<p>6.91 GR Necklace 2.55 GR Earrings 14K Firm Certified<\/p>\n<table style=\"height: 96px;\" width=\"334\">\n<tbody>\n<tr>\n<td><strong>Type<\/strong><\/td>\n<td><b>Karat<\/b><\/td>\n<td><b>Color<\/b><\/td>\n<td><strong>Clarity<\/strong><\/td>\n<td><strong>Cut<\/strong><\/td>\n<\/tr>\n<tr>\n<td>DIAMOND<\/td>\n<td>1,45<\/td>\n<td>F-G<\/td>\n<td>VS-SI<\/td>\n<td>DRUMSTICK-ROUND<\/td>\n<\/tr>\n<tr>\n<td>DIAMOND<\/td>\n<td>0,60<\/td>\n<td>F-G<\/td>\n<td>VS-SI<\/td>\n<td>DRUMSTICK-ROUND<\/td>\n<\/tr>\n<\/tbody>\n<\/table>\n","protected":false},"featured_media":60087,"template":"","meta":[],"product_brand":[],"product_cat":[136,89],"product_tag":[],"class_list":{"0":"post-60079","1":"product","2":"type-product","3":"status-publish","4":"has-post-thumbnail","6":"product_cat-baguette-necklace","7":"product_cat-diamond-necklaces","9":"first","10":"instock","11":"shipping-taxable","12":"purchasable","13":"product-type-variable"},"yoast_head":"<!-- This site is optimized with the Yoast SEO plugin v24.4 - https:\/\/yoast.com\/wordpress\/plugins\/seo\/ -->\n<title>2.05 Carat Baguette Diamond Mini Set - Ela Diamond<\/title>\n<meta name=\"description\" content=\"ela p\u0131rlanta ile en modern ve en yenilik\u00e7i modeller ile tan\u0131\u015f\u0131n.\" \/>\n<meta name=\"robots\" content=\"index, follow, max-snippet:-1, max-image-preview:large, max-video-preview:-1\" \/>\n<link rel=\"canonical\" href=\"https:\/\/elapirlanta.com\/product\/2-05-karat-baget-pirlanta-mini-set-3\/\" \/>\n<meta property=\"og:locale\" content=\"en_US\" \/>\n<meta property=\"og:type\" content=\"article\" \/>\n<meta property=\"og:title\" content=\"2.05 Carat Baguette Diamond Mini Set - Ela Diamond\" \/>\n<meta property=\"og:description\" content=\"ela p\u0131rlanta ile en modern ve en yenilik\u00e7i modeller ile tan\u0131\u015f\u0131n.\" \/>\n<meta property=\"og:url\" content=\"https:\/\/elapirlanta.com\/product\/2-05-karat-baget-pirlanta-mini-set-3\/\" \/>\n<meta property=\"og:site_name\" content=\"Ela Diamond\" \/>\n<meta property=\"article:modified_time\" content=\"2023-05-16T20:48:58+00:00\" \/>\n<meta property=\"og:image\" content=\"https:\/\/elapirlanta.com\/wp-content\/uploads\/2023\/05\/Kl-889-Kp-782-2-scaled.jpg\" \/>\n\t<meta property=\"og:image:width\" content=\"2560\" \/>\n\t<meta property=\"og:image:height\" content=\"2490\" \/>\n\t<meta property=\"og:image:type\" content=\"image\/jpeg\" \/>\n<meta name=\"twitter:card\" content=\"summary_large_image\" \/>\n<script type=\"application\/ld+json\" class=\"yoast-schema-graph\">{\"@context\":\"https:\/\/schema.org\",\"@graph\":[{\"@type\":\"WebPage\",\"@id\":\"https:\/\/elapirlanta.com\/product\/2-05-karat-baget-pirlanta-mini-set-3\/\",\"url\":\"https:\/\/elapirlanta.com\/product\/2-05-karat-baget-pirlanta-mini-set-3\/\",\"name\":\"2.05 Carat Baguette Diamond Mini Set - Ela Diamond\",\"isPartOf\":{\"@id\":\"https:\/\/elapirlanta.com\/en\/#website\"},\"primaryImageOfPage\":{\"@id\":\"https:\/\/elapirlanta.com\/product\/2-05-karat-baget-pirlanta-mini-set-3\/#primaryimage\"},\"image\":{\"@id\":\"https:\/\/elapirlanta.com\/product\/2-05-karat-baget-pirlanta-mini-set-3\/#primaryimage\"},\"thumbnailUrl\":\"https:\/\/elapirlanta.com\/wp-content\/uploads\/2023\/05\/Kl-889-Kp-782-2-scaled.jpg\",\"datePublished\":\"2023-05-16T20:47:13+00:00\",\"dateModified\":\"2023-05-16T20:48:58+00:00\",\"description\":\"ela p\u0131rlanta ile en modern ve en yenilik\u00e7i modeller ile tan\u0131\u015f\u0131n.\",\"breadcrumb\":{\"@id\":\"https:\/\/elapirlanta.com\/product\/2-05-karat-baget-pirlanta-mini-set-3\/#breadcrumb\"},\"inLanguage\":\"en-US\",\"potentialAction\":[{\"@type\":\"ReadAction\",\"target\":[\"https:\/\/elapirlanta.com\/product\/2-05-karat-baget-pirlanta-mini-set-3\/\"]}]},{\"@type\":\"ImageObject\",\"inLanguage\":\"en-US\",\"@id\":\"https:\/\/elapirlanta.com\/product\/2-05-karat-baget-pirlanta-mini-set-3\/#primaryimage\",\"url\":\"https:\/\/elapirlanta.com\/wp-content\/uploads\/2023\/05\/Kl-889-Kp-782-2-scaled.jpg\",\"contentUrl\":\"https:\/\/elapirlanta.com\/wp-content\/uploads\/2023\/05\/Kl-889-Kp-782-2-scaled.jpg\",\"width\":2560,\"height\":2490},{\"@type\":\"BreadcrumbList\",\"@id\":\"https:\/\/elapirlanta.com\/product\/2-05-karat-baget-pirlanta-mini-set-3\/#breadcrumb\",\"itemListElement\":[{\"@type\":\"ListItem\",\"position\":1,\"name\":\"Anasayfa\",\"item\":\"https:\/\/elapirlanta.com\/en\/\"},{\"@type\":\"ListItem\",\"position\":2,\"name\":\"Products\",\"item\":\"https:\/\/elapirlanta.com\/en\/shop\/\"},{\"@type\":\"ListItem\",\"position\":3,\"name\":\"2.05 Carat Baguette Diamond Mini Set\"}]},{\"@type\":\"WebSite\",\"@id\":\"https:\/\/elapirlanta.com\/en\/#website\",\"url\":\"https:\/\/elapirlanta.com\/en\/\",\"name\":\"Ela Diamond\",\"description\":\"\",\"potentialAction\":[{\"@type\":\"SearchAction\",\"target\":{\"@type\":\"EntryPoint\",\"urlTemplate\":\"https:\/\/elapirlanta.com\/en\/?s={search_term_string}\"},\"query-input\":{\"@type\":\"PropertyValueSpecification\",\"valueRequired\":true,\"valueName\":\"search_term_string\"}}],\"inLanguage\":\"en-US\"}]}<\/script>\n<!-- \/ Yoast SEO plugin. -->","yoast_head_json":{"title":"2.05 Carat Baguette Diamond Mini Set - Ela Diamond","description":"ela p\u0131rlanta ile en modern ve en yenilik\u00e7i modeller ile tan\u0131\u015f\u0131n.","robots":{"index":"index","follow":"follow","max-snippet":"max-snippet:-1","max-image-preview":"max-image-preview:large","max-video-preview":"max-video-preview:-1"},"canonical":"https:\/\/elapirlanta.com\/product\/2-05-karat-baget-pirlanta-mini-set-3\/","og_locale":"en_US","og_type":"article","og_title":"2.05 Carat Baguette Diamond Mini Set - Ela Diamond","og_description":"ela p\u0131rlanta ile en modern ve en yenilik\u00e7i modeller ile tan\u0131\u015f\u0131n.","og_url":"https:\/\/elapirlanta.com\/product\/2-05-karat-baget-pirlanta-mini-set-3\/","og_site_name":"Ela Diamond","article_modified_time":"2023-05-16T20:48:58+00:00","og_image":[{"width":2560,"height":2490,"url":"https:\/\/elapirlanta.com\/wp-content\/uploads\/2023\/05\/Kl-889-Kp-782-2-scaled.jpg","type":"image\/jpeg"}],"twitter_card":"summary_large_image","schema":{"@context":"https:\/\/schema.org","@graph":[{"@type":"WebPage","@id":"https:\/\/elapirlanta.com\/product\/2-05-karat-baget-pirlanta-mini-set-3\/","url":"https:\/\/elapirlanta.com\/product\/2-05-karat-baget-pirlanta-mini-set-3\/","name":"2.05 Carat Baguette Diamond Mini Set - Ela Diamond","isPartOf":{"@id":"https:\/\/elapirlanta.com\/en\/#website"},"primaryImageOfPage":{"@id":"https:\/\/elapirlanta.com\/product\/2-05-karat-baget-pirlanta-mini-set-3\/#primaryimage"},"image":{"@id":"https:\/\/elapirlanta.com\/product\/2-05-karat-baget-pirlanta-mini-set-3\/#primaryimage"},"thumbnailUrl":"https:\/\/elapirlanta.com\/wp-content\/uploads\/2023\/05\/Kl-889-Kp-782-2-scaled.jpg","datePublished":"2023-05-16T20:47:13+00:00","dateModified":"2023-05-16T20:48:58+00:00","description":"ela p\u0131rlanta ile en modern ve en yenilik\u00e7i modeller ile tan\u0131\u015f\u0131n.","breadcrumb":{"@id":"https:\/\/elapirlanta.com\/product\/2-05-karat-baget-pirlanta-mini-set-3\/#breadcrumb"},"inLanguage":"en-US","potentialAction":[{"@type":"ReadAction","target":["https:\/\/elapirlanta.com\/product\/2-05-karat-baget-pirlanta-mini-set-3\/"]}]},{"@type":"ImageObject","inLanguage":"en-US","@id":"https:\/\/elapirlanta.com\/product\/2-05-karat-baget-pirlanta-mini-set-3\/#primaryimage","url":"https:\/\/elapirlanta.com\/wp-content\/uploads\/2023\/05\/Kl-889-Kp-782-2-scaled.jpg","contentUrl":"https:\/\/elapirlanta.com\/wp-content\/uploads\/2023\/05\/Kl-889-Kp-782-2-scaled.jpg","width":2560,"height":2490},{"@type":"BreadcrumbList","@id":"https:\/\/elapirlanta.com\/product\/2-05-karat-baget-pirlanta-mini-set-3\/#breadcrumb","itemListElement":[{"@type":"ListItem","position":1,"name":"Anasayfa","item":"https:\/\/elapirlanta.com\/en\/"},{"@type":"ListItem","position":2,"name":"Products","item":"https:\/\/elapirlanta.com\/en\/shop\/"},{"@type":"ListItem","position":3,"name":"2.05 Carat Baguette Diamond Mini Set"}]},{"@type":"WebSite","@id":"https:\/\/elapirlanta.com\/en\/#website","url":"https:\/\/elapirlanta.com\/en\/","name":"Ela Diamond","description":"","potentialAction":[{"@type":"SearchAction","target":{"@type":"EntryPoint","urlTemplate":"https:\/\/elapirlanta.com\/en\/?s={search_term_string}"},"query-input":{"@type":"PropertyValueSpecification","valueRequired":true,"valueName":"search_term_string"}}],"inLanguage":"en-US"}]}},"_links":{"self":[{"href":"https:\/\/elapirlanta.com\/en\/wp-json\/wp\/v2\/product\/60079","targetHints":{"allow":["GET"]}}],"collection":[{"href":"https:\/\/elapirlanta.com\/en\/wp-json\/wp\/v2\/product"}],"about":[{"href":"https:\/\/elapirlanta.com\/en\/wp-json\/wp\/v2\/types\/product"}],"wp:featuredmedia":[{"embeddable":true,"href":"https:\/\/elapirlanta.com\/en\/wp-json\/wp\/v2\/media\/60087"}],"wp:attachment":[{"href":"https:\/\/elapirlanta.com\/en\/wp-json\/wp\/v2\/media?parent=60079"}],"wp:term":[{"taxonomy":"product_brand","embeddable":true,"href":"https:\/\/elapirlanta.com\/en\/wp-json\/wp\/v2\/product_brand?post=60079"},{"taxonomy":"product_cat","embeddable":true,"href":"https:\/\/elapirlanta.com\/en\/wp-json\/wp\/v2\/product_cat?post=60079"},{"taxonomy":"product_tag","embeddable":true,"href":"https:\/\/elapirlanta.com\/en\/wp-json\/wp\/v2\/product_tag?post=60079"}],"curies":[{"name":"wp","href":"https:\/\/api.w.org\/{rel}","templated":true}]}}