{"id":59632,"date":"2023-05-15T22:56:56","date_gmt":"2023-05-15T19:56:56","guid":{"rendered":"https:\/\/elapirlanta.com\/?post_type=product&#038;p=59632"},"modified":"2023-05-15T22:59:35","modified_gmt":"2023-05-15T19:59:35","slug":"2-03-carat-diamond-mini-set","status":"publish","type":"product","link":"https:\/\/elapirlanta.com\/en\/product\/2-03-carat-diamond-mini-set\/","title":{"rendered":"2.03 Carat Diamond Mini Set"},"content":{"rendered":"","protected":false},"excerpt":{"rendered":"<p>3.00 GR Necklace 4.42 GR Earrings 14K Firm Certified<\/p>\n<table style=\"height: 96px;\" width=\"334\">\n<tbody>\n<tr>\n<td><strong>Type<\/strong><\/td>\n<td><b>Karat<\/b><\/td>\n<td><b>Color<\/b><\/td>\n<td><strong>Clarity<\/strong><\/td>\n<td><strong>Cut<\/strong><\/td>\n<\/tr>\n<tr>\n<td>DIAMOND<\/td>\n<td><span style=\"font-weight: 400;\">0,68<\/span><\/td>\n<td>G-H<\/td>\n<td>SI<\/td>\n<td>ROUND<\/td>\n<\/tr>\n<tr>\n<td>DIAMOND<\/td>\n<td><span style=\"font-weight: 400;\">1,35<\/span><\/td>\n<td>G-H<\/td>\n<td>SI<\/td>\n<td>ROUND<\/td>\n<\/tr>\n<\/tbody>\n<\/table>\n","protected":false},"featured_media":59640,"template":"","meta":[],"product_brand":[],"product_cat":[91,142],"product_tag":[],"class_list":{"0":"post-59632","1":"product","2":"type-product","3":"status-publish","4":"has-post-thumbnail","6":"product_cat-diamond-sets","7":"product_cat-mini-sets","9":"first","10":"instock","11":"shipping-taxable","12":"purchasable","13":"product-type-variable"},"yoast_head":"<!-- This site is optimized with the Yoast SEO plugin v24.4 - https:\/\/yoast.com\/wordpress\/plugins\/seo\/ -->\n<title>2.03 Carat Diamond Mini Set - Ela Diamond<\/title>\n<meta name=\"description\" content=\"ela p\u0131rlanta ile en modern ve en yenilik\u00e7i modeller ile tan\u0131\u015f\u0131n.\" \/>\n<meta name=\"robots\" content=\"index, follow, max-snippet:-1, max-image-preview:large, max-video-preview:-1\" \/>\n<link rel=\"canonical\" href=\"https:\/\/elapirlanta.com\/product\/2-03-karat-pirlanta-mini-set\/\" \/>\n<meta property=\"og:locale\" content=\"en_US\" \/>\n<meta property=\"og:type\" content=\"article\" \/>\n<meta property=\"og:title\" content=\"2.03 Carat Diamond Mini Set - Ela Diamond\" \/>\n<meta property=\"og:description\" content=\"ela p\u0131rlanta ile en modern ve en yenilik\u00e7i modeller ile tan\u0131\u015f\u0131n.\" \/>\n<meta property=\"og:url\" content=\"https:\/\/elapirlanta.com\/product\/2-03-karat-pirlanta-mini-set\/\" \/>\n<meta property=\"og:site_name\" content=\"Ela Diamond\" \/>\n<meta property=\"article:modified_time\" content=\"2023-05-15T19:59:35+00:00\" \/>\n<meta property=\"og:image\" content=\"https:\/\/elapirlanta.com\/wp-content\/uploads\/2023\/05\/Kl-727-Kp-657.png\" \/>\n\t<meta property=\"og:image:width\" content=\"1045\" \/>\n\t<meta property=\"og:image:height\" content=\"1040\" \/>\n\t<meta property=\"og:image:type\" content=\"image\/png\" \/>\n<meta name=\"twitter:card\" content=\"summary_large_image\" \/>\n<script type=\"application\/ld+json\" class=\"yoast-schema-graph\">{\"@context\":\"https:\/\/schema.org\",\"@graph\":[{\"@type\":\"WebPage\",\"@id\":\"https:\/\/elapirlanta.com\/product\/2-03-karat-pirlanta-mini-set\/\",\"url\":\"https:\/\/elapirlanta.com\/product\/2-03-karat-pirlanta-mini-set\/\",\"name\":\"2.03 Carat Diamond Mini Set - Ela Diamond\",\"isPartOf\":{\"@id\":\"https:\/\/elapirlanta.com\/en\/#website\"},\"primaryImageOfPage\":{\"@id\":\"https:\/\/elapirlanta.com\/product\/2-03-karat-pirlanta-mini-set\/#primaryimage\"},\"image\":{\"@id\":\"https:\/\/elapirlanta.com\/product\/2-03-karat-pirlanta-mini-set\/#primaryimage\"},\"thumbnailUrl\":\"https:\/\/elapirlanta.com\/wp-content\/uploads\/2023\/05\/Kl-727-Kp-657.png\",\"datePublished\":\"2023-05-15T19:56:56+00:00\",\"dateModified\":\"2023-05-15T19:59:35+00:00\",\"description\":\"ela p\u0131rlanta ile en modern ve en yenilik\u00e7i modeller ile tan\u0131\u015f\u0131n.\",\"breadcrumb\":{\"@id\":\"https:\/\/elapirlanta.com\/product\/2-03-karat-pirlanta-mini-set\/#breadcrumb\"},\"inLanguage\":\"en-US\",\"potentialAction\":[{\"@type\":\"ReadAction\",\"target\":[\"https:\/\/elapirlanta.com\/product\/2-03-karat-pirlanta-mini-set\/\"]}]},{\"@type\":\"ImageObject\",\"inLanguage\":\"en-US\",\"@id\":\"https:\/\/elapirlanta.com\/product\/2-03-karat-pirlanta-mini-set\/#primaryimage\",\"url\":\"https:\/\/elapirlanta.com\/wp-content\/uploads\/2023\/05\/Kl-727-Kp-657.png\",\"contentUrl\":\"https:\/\/elapirlanta.com\/wp-content\/uploads\/2023\/05\/Kl-727-Kp-657.png\",\"width\":1045,\"height\":1040},{\"@type\":\"BreadcrumbList\",\"@id\":\"https:\/\/elapirlanta.com\/product\/2-03-karat-pirlanta-mini-set\/#breadcrumb\",\"itemListElement\":[{\"@type\":\"ListItem\",\"position\":1,\"name\":\"Anasayfa\",\"item\":\"https:\/\/elapirlanta.com\/en\/\"},{\"@type\":\"ListItem\",\"position\":2,\"name\":\"Products\",\"item\":\"https:\/\/elapirlanta.com\/en\/shop\/\"},{\"@type\":\"ListItem\",\"position\":3,\"name\":\"2.03 Carat Diamond Mini Set\"}]},{\"@type\":\"WebSite\",\"@id\":\"https:\/\/elapirlanta.com\/en\/#website\",\"url\":\"https:\/\/elapirlanta.com\/en\/\",\"name\":\"Ela Diamond\",\"description\":\"\",\"potentialAction\":[{\"@type\":\"SearchAction\",\"target\":{\"@type\":\"EntryPoint\",\"urlTemplate\":\"https:\/\/elapirlanta.com\/en\/?s={search_term_string}\"},\"query-input\":{\"@type\":\"PropertyValueSpecification\",\"valueRequired\":true,\"valueName\":\"search_term_string\"}}],\"inLanguage\":\"en-US\"}]}<\/script>\n<!-- \/ Yoast SEO plugin. -->","yoast_head_json":{"title":"2.03 Carat Diamond Mini Set - Ela Diamond","description":"ela p\u0131rlanta ile en modern ve en yenilik\u00e7i modeller ile tan\u0131\u015f\u0131n.","robots":{"index":"index","follow":"follow","max-snippet":"max-snippet:-1","max-image-preview":"max-image-preview:large","max-video-preview":"max-video-preview:-1"},"canonical":"https:\/\/elapirlanta.com\/product\/2-03-karat-pirlanta-mini-set\/","og_locale":"en_US","og_type":"article","og_title":"2.03 Carat Diamond Mini Set - Ela Diamond","og_description":"ela p\u0131rlanta ile en modern ve en yenilik\u00e7i modeller ile tan\u0131\u015f\u0131n.","og_url":"https:\/\/elapirlanta.com\/product\/2-03-karat-pirlanta-mini-set\/","og_site_name":"Ela Diamond","article_modified_time":"2023-05-15T19:59:35+00:00","og_image":[{"width":1045,"height":1040,"url":"https:\/\/elapirlanta.com\/wp-content\/uploads\/2023\/05\/Kl-727-Kp-657.png","type":"image\/png"}],"twitter_card":"summary_large_image","schema":{"@context":"https:\/\/schema.org","@graph":[{"@type":"WebPage","@id":"https:\/\/elapirlanta.com\/product\/2-03-karat-pirlanta-mini-set\/","url":"https:\/\/elapirlanta.com\/product\/2-03-karat-pirlanta-mini-set\/","name":"2.03 Carat Diamond Mini Set - Ela Diamond","isPartOf":{"@id":"https:\/\/elapirlanta.com\/en\/#website"},"primaryImageOfPage":{"@id":"https:\/\/elapirlanta.com\/product\/2-03-karat-pirlanta-mini-set\/#primaryimage"},"image":{"@id":"https:\/\/elapirlanta.com\/product\/2-03-karat-pirlanta-mini-set\/#primaryimage"},"thumbnailUrl":"https:\/\/elapirlanta.com\/wp-content\/uploads\/2023\/05\/Kl-727-Kp-657.png","datePublished":"2023-05-15T19:56:56+00:00","dateModified":"2023-05-15T19:59:35+00:00","description":"ela p\u0131rlanta ile en modern ve en yenilik\u00e7i modeller ile tan\u0131\u015f\u0131n.","breadcrumb":{"@id":"https:\/\/elapirlanta.com\/product\/2-03-karat-pirlanta-mini-set\/#breadcrumb"},"inLanguage":"en-US","potentialAction":[{"@type":"ReadAction","target":["https:\/\/elapirlanta.com\/product\/2-03-karat-pirlanta-mini-set\/"]}]},{"@type":"ImageObject","inLanguage":"en-US","@id":"https:\/\/elapirlanta.com\/product\/2-03-karat-pirlanta-mini-set\/#primaryimage","url":"https:\/\/elapirlanta.com\/wp-content\/uploads\/2023\/05\/Kl-727-Kp-657.png","contentUrl":"https:\/\/elapirlanta.com\/wp-content\/uploads\/2023\/05\/Kl-727-Kp-657.png","width":1045,"height":1040},{"@type":"BreadcrumbList","@id":"https:\/\/elapirlanta.com\/product\/2-03-karat-pirlanta-mini-set\/#breadcrumb","itemListElement":[{"@type":"ListItem","position":1,"name":"Anasayfa","item":"https:\/\/elapirlanta.com\/en\/"},{"@type":"ListItem","position":2,"name":"Products","item":"https:\/\/elapirlanta.com\/en\/shop\/"},{"@type":"ListItem","position":3,"name":"2.03 Carat Diamond Mini Set"}]},{"@type":"WebSite","@id":"https:\/\/elapirlanta.com\/en\/#website","url":"https:\/\/elapirlanta.com\/en\/","name":"Ela Diamond","description":"","potentialAction":[{"@type":"SearchAction","target":{"@type":"EntryPoint","urlTemplate":"https:\/\/elapirlanta.com\/en\/?s={search_term_string}"},"query-input":{"@type":"PropertyValueSpecification","valueRequired":true,"valueName":"search_term_string"}}],"inLanguage":"en-US"}]}},"_links":{"self":[{"href":"https:\/\/elapirlanta.com\/en\/wp-json\/wp\/v2\/product\/59632","targetHints":{"allow":["GET"]}}],"collection":[{"href":"https:\/\/elapirlanta.com\/en\/wp-json\/wp\/v2\/product"}],"about":[{"href":"https:\/\/elapirlanta.com\/en\/wp-json\/wp\/v2\/types\/product"}],"wp:featuredmedia":[{"embeddable":true,"href":"https:\/\/elapirlanta.com\/en\/wp-json\/wp\/v2\/media\/59640"}],"wp:attachment":[{"href":"https:\/\/elapirlanta.com\/en\/wp-json\/wp\/v2\/media?parent=59632"}],"wp:term":[{"taxonomy":"product_brand","embeddable":true,"href":"https:\/\/elapirlanta.com\/en\/wp-json\/wp\/v2\/product_brand?post=59632"},{"taxonomy":"product_cat","embeddable":true,"href":"https:\/\/elapirlanta.com\/en\/wp-json\/wp\/v2\/product_cat?post=59632"},{"taxonomy":"product_tag","embeddable":true,"href":"https:\/\/elapirlanta.com\/en\/wp-json\/wp\/v2\/product_tag?post=59632"}],"curies":[{"name":"wp","href":"https:\/\/api.w.org\/{rel}","templated":true}]}}