{"id":46468,"date":"2023-05-01T14:26:16","date_gmt":"2023-05-01T11:26:16","guid":{"rendered":"https:\/\/elapirlanta.com\/?post_type=product&#038;p=46468"},"modified":"2023-05-01T14:30:17","modified_gmt":"2023-05-01T11:30:17","slug":"3-17-gr-14-carat-firm-certified","status":"publish","type":"product","link":"https:\/\/elapirlanta.com\/en\/product\/3-17-gr-14-carat-firm-certified\/","title":{"rendered":"3.17 GR 14 Carat Firm Certified"},"content":{"rendered":"","protected":false},"excerpt":{"rendered":"<p>3.17 GR 14 Carat Firm Certified<\/p>\n<table style=\"height: 96px;\" width=\"334\">\n<tbody>\n<tr>\n<td><strong>Type<\/strong><\/td>\n<td><b>Karat<\/b><\/td>\n<td><b>Color<\/b><\/td>\n<td><strong>Clarity<\/strong><\/td>\n<td><strong>Cut<\/strong><\/td>\n<\/tr>\n<tr>\n<td>DIAMOND<\/td>\n<td><span style=\"font-weight: 400;\">0,17<\/span><\/td>\n<td>F-G<\/td>\n<td>SI<\/td>\n<td>Round<\/td>\n<\/tr>\n<\/tbody>\n<\/table>\n","protected":false},"featured_media":46472,"template":"","meta":[],"product_brand":[],"product_cat":[89,137],"product_tag":[],"class_list":{"0":"post-46468","1":"product","2":"type-product","3":"status-publish","4":"has-post-thumbnail","6":"product_cat-diamond-necklaces","7":"product_cat-fancy-necklace","9":"first","10":"instock","11":"shipping-taxable","12":"purchasable","13":"product-type-simple"},"yoast_head":"<!-- This site is optimized with the Yoast SEO plugin v24.4 - https:\/\/yoast.com\/wordpress\/plugins\/seo\/ -->\n<title>3.17 GR 14 Carat Firm Certified - Ela Diamond<\/title>\n<meta name=\"description\" content=\"ela p\u0131rlanta ile en modern ve en yenilik\u00e7i modeller ile tan\u0131\u015f\u0131n.\" \/>\n<meta name=\"robots\" content=\"index, follow, max-snippet:-1, max-image-preview:large, max-video-preview:-1\" \/>\n<link rel=\"canonical\" href=\"https:\/\/elapirlanta.com\/product\/0-17-karat-fantezi-efektli-pirlanta-kolye\/\" \/>\n<meta property=\"og:locale\" content=\"en_US\" \/>\n<meta property=\"og:type\" content=\"article\" \/>\n<meta property=\"og:title\" content=\"3.17 GR 14 Carat Firm Certified - Ela Diamond\" \/>\n<meta property=\"og:description\" content=\"ela p\u0131rlanta ile en modern ve en yenilik\u00e7i modeller ile tan\u0131\u015f\u0131n.\" \/>\n<meta property=\"og:url\" content=\"https:\/\/elapirlanta.com\/product\/0-17-karat-fantezi-efektli-pirlanta-kolye\/\" \/>\n<meta property=\"og:site_name\" content=\"Ela Diamond\" \/>\n<meta property=\"article:modified_time\" content=\"2023-05-01T11:30:17+00:00\" \/>\n<meta property=\"og:image\" content=\"https:\/\/elapirlanta.com\/wp-content\/uploads\/2023\/05\/Kl-845-scaled.jpg\" \/>\n\t<meta property=\"og:image:width\" content=\"2560\" \/>\n\t<meta property=\"og:image:height\" content=\"2560\" \/>\n\t<meta property=\"og:image:type\" content=\"image\/jpeg\" \/>\n<meta name=\"twitter:card\" content=\"summary_large_image\" \/>\n<script type=\"application\/ld+json\" class=\"yoast-schema-graph\">{\"@context\":\"https:\/\/schema.org\",\"@graph\":[{\"@type\":\"WebPage\",\"@id\":\"https:\/\/elapirlanta.com\/product\/0-17-karat-fantezi-efektli-pirlanta-kolye\/\",\"url\":\"https:\/\/elapirlanta.com\/product\/0-17-karat-fantezi-efektli-pirlanta-kolye\/\",\"name\":\"3.17 GR 14 Carat Firm Certified - Ela Diamond\",\"isPartOf\":{\"@id\":\"https:\/\/elapirlanta.com\/en\/#website\"},\"primaryImageOfPage\":{\"@id\":\"https:\/\/elapirlanta.com\/product\/0-17-karat-fantezi-efektli-pirlanta-kolye\/#primaryimage\"},\"image\":{\"@id\":\"https:\/\/elapirlanta.com\/product\/0-17-karat-fantezi-efektli-pirlanta-kolye\/#primaryimage\"},\"thumbnailUrl\":\"https:\/\/elapirlanta.com\/wp-content\/uploads\/2023\/05\/Kl-845-scaled.jpg\",\"datePublished\":\"2023-05-01T11:26:16+00:00\",\"dateModified\":\"2023-05-01T11:30:17+00:00\",\"description\":\"ela p\u0131rlanta ile en modern ve en yenilik\u00e7i modeller ile tan\u0131\u015f\u0131n.\",\"breadcrumb\":{\"@id\":\"https:\/\/elapirlanta.com\/product\/0-17-karat-fantezi-efektli-pirlanta-kolye\/#breadcrumb\"},\"inLanguage\":\"en-US\",\"potentialAction\":[{\"@type\":\"ReadAction\",\"target\":[\"https:\/\/elapirlanta.com\/product\/0-17-karat-fantezi-efektli-pirlanta-kolye\/\"]}]},{\"@type\":\"ImageObject\",\"inLanguage\":\"en-US\",\"@id\":\"https:\/\/elapirlanta.com\/product\/0-17-karat-fantezi-efektli-pirlanta-kolye\/#primaryimage\",\"url\":\"https:\/\/elapirlanta.com\/wp-content\/uploads\/2023\/05\/Kl-845-scaled.jpg\",\"contentUrl\":\"https:\/\/elapirlanta.com\/wp-content\/uploads\/2023\/05\/Kl-845-scaled.jpg\",\"width\":2560,\"height\":2560},{\"@type\":\"BreadcrumbList\",\"@id\":\"https:\/\/elapirlanta.com\/product\/0-17-karat-fantezi-efektli-pirlanta-kolye\/#breadcrumb\",\"itemListElement\":[{\"@type\":\"ListItem\",\"position\":1,\"name\":\"Anasayfa\",\"item\":\"https:\/\/elapirlanta.com\/en\/\"},{\"@type\":\"ListItem\",\"position\":2,\"name\":\"Products\",\"item\":\"https:\/\/elapirlanta.com\/en\/shop\/\"},{\"@type\":\"ListItem\",\"position\":3,\"name\":\"3.17 GR 14 Carat Firm Certified\"}]},{\"@type\":\"WebSite\",\"@id\":\"https:\/\/elapirlanta.com\/en\/#website\",\"url\":\"https:\/\/elapirlanta.com\/en\/\",\"name\":\"Ela Diamond\",\"description\":\"\",\"potentialAction\":[{\"@type\":\"SearchAction\",\"target\":{\"@type\":\"EntryPoint\",\"urlTemplate\":\"https:\/\/elapirlanta.com\/en\/?s={search_term_string}\"},\"query-input\":{\"@type\":\"PropertyValueSpecification\",\"valueRequired\":true,\"valueName\":\"search_term_string\"}}],\"inLanguage\":\"en-US\"}]}<\/script>\n<!-- \/ Yoast SEO plugin. -->","yoast_head_json":{"title":"3.17 GR 14 Carat Firm Certified - Ela Diamond","description":"ela p\u0131rlanta ile en modern ve en yenilik\u00e7i modeller ile tan\u0131\u015f\u0131n.","robots":{"index":"index","follow":"follow","max-snippet":"max-snippet:-1","max-image-preview":"max-image-preview:large","max-video-preview":"max-video-preview:-1"},"canonical":"https:\/\/elapirlanta.com\/product\/0-17-karat-fantezi-efektli-pirlanta-kolye\/","og_locale":"en_US","og_type":"article","og_title":"3.17 GR 14 Carat Firm Certified - Ela Diamond","og_description":"ela p\u0131rlanta ile en modern ve en yenilik\u00e7i modeller ile tan\u0131\u015f\u0131n.","og_url":"https:\/\/elapirlanta.com\/product\/0-17-karat-fantezi-efektli-pirlanta-kolye\/","og_site_name":"Ela Diamond","article_modified_time":"2023-05-01T11:30:17+00:00","og_image":[{"width":2560,"height":2560,"url":"https:\/\/elapirlanta.com\/wp-content\/uploads\/2023\/05\/Kl-845-scaled.jpg","type":"image\/jpeg"}],"twitter_card":"summary_large_image","schema":{"@context":"https:\/\/schema.org","@graph":[{"@type":"WebPage","@id":"https:\/\/elapirlanta.com\/product\/0-17-karat-fantezi-efektli-pirlanta-kolye\/","url":"https:\/\/elapirlanta.com\/product\/0-17-karat-fantezi-efektli-pirlanta-kolye\/","name":"3.17 GR 14 Carat Firm Certified - Ela Diamond","isPartOf":{"@id":"https:\/\/elapirlanta.com\/en\/#website"},"primaryImageOfPage":{"@id":"https:\/\/elapirlanta.com\/product\/0-17-karat-fantezi-efektli-pirlanta-kolye\/#primaryimage"},"image":{"@id":"https:\/\/elapirlanta.com\/product\/0-17-karat-fantezi-efektli-pirlanta-kolye\/#primaryimage"},"thumbnailUrl":"https:\/\/elapirlanta.com\/wp-content\/uploads\/2023\/05\/Kl-845-scaled.jpg","datePublished":"2023-05-01T11:26:16+00:00","dateModified":"2023-05-01T11:30:17+00:00","description":"ela p\u0131rlanta ile en modern ve en yenilik\u00e7i modeller ile tan\u0131\u015f\u0131n.","breadcrumb":{"@id":"https:\/\/elapirlanta.com\/product\/0-17-karat-fantezi-efektli-pirlanta-kolye\/#breadcrumb"},"inLanguage":"en-US","potentialAction":[{"@type":"ReadAction","target":["https:\/\/elapirlanta.com\/product\/0-17-karat-fantezi-efektli-pirlanta-kolye\/"]}]},{"@type":"ImageObject","inLanguage":"en-US","@id":"https:\/\/elapirlanta.com\/product\/0-17-karat-fantezi-efektli-pirlanta-kolye\/#primaryimage","url":"https:\/\/elapirlanta.com\/wp-content\/uploads\/2023\/05\/Kl-845-scaled.jpg","contentUrl":"https:\/\/elapirlanta.com\/wp-content\/uploads\/2023\/05\/Kl-845-scaled.jpg","width":2560,"height":2560},{"@type":"BreadcrumbList","@id":"https:\/\/elapirlanta.com\/product\/0-17-karat-fantezi-efektli-pirlanta-kolye\/#breadcrumb","itemListElement":[{"@type":"ListItem","position":1,"name":"Anasayfa","item":"https:\/\/elapirlanta.com\/en\/"},{"@type":"ListItem","position":2,"name":"Products","item":"https:\/\/elapirlanta.com\/en\/shop\/"},{"@type":"ListItem","position":3,"name":"3.17 GR 14 Carat Firm Certified"}]},{"@type":"WebSite","@id":"https:\/\/elapirlanta.com\/en\/#website","url":"https:\/\/elapirlanta.com\/en\/","name":"Ela Diamond","description":"","potentialAction":[{"@type":"SearchAction","target":{"@type":"EntryPoint","urlTemplate":"https:\/\/elapirlanta.com\/en\/?s={search_term_string}"},"query-input":{"@type":"PropertyValueSpecification","valueRequired":true,"valueName":"search_term_string"}}],"inLanguage":"en-US"}]}},"_links":{"self":[{"href":"https:\/\/elapirlanta.com\/en\/wp-json\/wp\/v2\/product\/46468","targetHints":{"allow":["GET"]}}],"collection":[{"href":"https:\/\/elapirlanta.com\/en\/wp-json\/wp\/v2\/product"}],"about":[{"href":"https:\/\/elapirlanta.com\/en\/wp-json\/wp\/v2\/types\/product"}],"wp:featuredmedia":[{"embeddable":true,"href":"https:\/\/elapirlanta.com\/en\/wp-json\/wp\/v2\/media\/46472"}],"wp:attachment":[{"href":"https:\/\/elapirlanta.com\/en\/wp-json\/wp\/v2\/media?parent=46468"}],"wp:term":[{"taxonomy":"product_brand","embeddable":true,"href":"https:\/\/elapirlanta.com\/en\/wp-json\/wp\/v2\/product_brand?post=46468"},{"taxonomy":"product_cat","embeddable":true,"href":"https:\/\/elapirlanta.com\/en\/wp-json\/wp\/v2\/product_cat?post=46468"},{"taxonomy":"product_tag","embeddable":true,"href":"https:\/\/elapirlanta.com\/en\/wp-json\/wp\/v2\/product_tag?post=46468"}],"curies":[{"name":"wp","href":"https:\/\/api.w.org\/{rel}","templated":true}]}}