{"id":46207,"date":"2023-04-30T22:00:32","date_gmt":"2023-04-30T19:00:32","guid":{"rendered":"https:\/\/elapirlanta.com\/?post_type=product&#038;p=46207"},"modified":"2023-04-30T22:01:31","modified_gmt":"2023-04-30T19:01:31","slug":"0-28-carat-baguette-diamond-necklace","status":"publish","type":"product","link":"https:\/\/elapirlanta.com\/en\/product\/0-28-carat-baguette-diamond-necklace\/","title":{"rendered":"0.28 Carat Baguette Diamond Necklace"},"content":{"rendered":"","protected":false},"excerpt":{"rendered":"<p>2.71 GR 14 Carat Firm Certified<\/p>\n<table style=\"height: 96px;\" width=\"334\">\n<tbody>\n<tr>\n<td><strong>Type<\/strong><\/td>\n<td><b>Karat<\/b><\/td>\n<td><b>Color<\/b><\/td>\n<td><strong>Clarity<\/strong><\/td>\n<td><strong>Cut<\/strong><\/td>\n<\/tr>\n<tr>\n<td>DIAMOND<\/td>\n<td><span style=\"font-weight: 400;\">0,28<\/span><\/td>\n<td>F-G<\/td>\n<td>VS-SI<\/td>\n<td>Drumstick &#8211; Round<\/td>\n<\/tr>\n<\/tbody>\n<\/table>\n","protected":false},"featured_media":46211,"template":"","meta":[],"product_brand":[],"product_cat":[136,89],"product_tag":[],"class_list":{"0":"post-46207","1":"product","2":"type-product","3":"status-publish","4":"has-post-thumbnail","6":"product_cat-baguette-necklace","7":"product_cat-diamond-necklaces","9":"first","10":"instock","11":"shipping-taxable","12":"purchasable","13":"product-type-simple"},"yoast_head":"<!-- This site is optimized with the Yoast SEO plugin v24.4 - https:\/\/yoast.com\/wordpress\/plugins\/seo\/ -->\n<title>0.28 Carat Baguette Diamond Necklace - Ela Diamond<\/title>\n<meta name=\"description\" content=\"ela p\u0131rlanta ile en modern ve en yenilik\u00e7i modeller ile tan\u0131\u015f\u0131n.\" \/>\n<meta name=\"robots\" content=\"index, follow, max-snippet:-1, max-image-preview:large, max-video-preview:-1\" \/>\n<link rel=\"canonical\" href=\"https:\/\/elapirlanta.com\/en\/product\/0-28-carat-baguette-diamond-necklace\/\" \/>\n<meta property=\"og:locale\" content=\"en_US\" \/>\n<meta property=\"og:type\" content=\"article\" \/>\n<meta property=\"og:title\" content=\"0.28 Carat Baguette Diamond Necklace - Ela Diamond\" \/>\n<meta property=\"og:description\" content=\"ela p\u0131rlanta ile en modern ve en yenilik\u00e7i modeller ile tan\u0131\u015f\u0131n.\" \/>\n<meta property=\"og:url\" content=\"https:\/\/elapirlanta.com\/en\/product\/0-28-carat-baguette-diamond-necklace\/\" \/>\n<meta property=\"og:site_name\" content=\"Ela Diamond\" \/>\n<meta property=\"article:modified_time\" content=\"2023-04-30T19:01:31+00:00\" \/>\n<meta property=\"og:image\" content=\"https:\/\/elapirlanta.com\/wp-content\/uploads\/2023\/04\/Kl-626.jpg\" \/>\n\t<meta property=\"og:image:width\" content=\"2159\" \/>\n\t<meta property=\"og:image:height\" content=\"2077\" \/>\n\t<meta property=\"og:image:type\" content=\"image\/jpeg\" \/>\n<meta name=\"twitter:card\" content=\"summary_large_image\" \/>\n<script type=\"application\/ld+json\" class=\"yoast-schema-graph\">{\"@context\":\"https:\/\/schema.org\",\"@graph\":[{\"@type\":\"WebPage\",\"@id\":\"https:\/\/elapirlanta.com\/en\/product\/0-28-carat-baguette-diamond-necklace\/\",\"url\":\"https:\/\/elapirlanta.com\/en\/product\/0-28-carat-baguette-diamond-necklace\/\",\"name\":\"0.28 Carat Baguette Diamond Necklace - Ela Diamond\",\"isPartOf\":{\"@id\":\"https:\/\/elapirlanta.com\/en\/#website\"},\"primaryImageOfPage\":{\"@id\":\"https:\/\/elapirlanta.com\/en\/product\/0-28-carat-baguette-diamond-necklace\/#primaryimage\"},\"image\":{\"@id\":\"https:\/\/elapirlanta.com\/en\/product\/0-28-carat-baguette-diamond-necklace\/#primaryimage\"},\"thumbnailUrl\":\"https:\/\/elapirlanta.com\/wp-content\/uploads\/2023\/04\/Kl-626.jpg\",\"datePublished\":\"2023-04-30T19:00:32+00:00\",\"dateModified\":\"2023-04-30T19:01:31+00:00\",\"description\":\"ela p\u0131rlanta ile en modern ve en yenilik\u00e7i modeller ile tan\u0131\u015f\u0131n.\",\"breadcrumb\":{\"@id\":\"https:\/\/elapirlanta.com\/en\/product\/0-28-carat-baguette-diamond-necklace\/#breadcrumb\"},\"inLanguage\":\"en-US\",\"potentialAction\":[{\"@type\":\"ReadAction\",\"target\":[\"https:\/\/elapirlanta.com\/en\/product\/0-28-carat-baguette-diamond-necklace\/\"]}]},{\"@type\":\"ImageObject\",\"inLanguage\":\"en-US\",\"@id\":\"https:\/\/elapirlanta.com\/en\/product\/0-28-carat-baguette-diamond-necklace\/#primaryimage\",\"url\":\"https:\/\/elapirlanta.com\/wp-content\/uploads\/2023\/04\/Kl-626.jpg\",\"contentUrl\":\"https:\/\/elapirlanta.com\/wp-content\/uploads\/2023\/04\/Kl-626.jpg\",\"width\":2159,\"height\":2077},{\"@type\":\"BreadcrumbList\",\"@id\":\"https:\/\/elapirlanta.com\/en\/product\/0-28-carat-baguette-diamond-necklace\/#breadcrumb\",\"itemListElement\":[{\"@type\":\"ListItem\",\"position\":1,\"name\":\"Anasayfa\",\"item\":\"https:\/\/elapirlanta.com\/en\/\"},{\"@type\":\"ListItem\",\"position\":2,\"name\":\"Products\",\"item\":\"https:\/\/elapirlanta.com\/en\/shop\/\"},{\"@type\":\"ListItem\",\"position\":3,\"name\":\"0.28 Carat Baguette Diamond Necklace\"}]},{\"@type\":\"WebSite\",\"@id\":\"https:\/\/elapirlanta.com\/en\/#website\",\"url\":\"https:\/\/elapirlanta.com\/en\/\",\"name\":\"Ela Diamond\",\"description\":\"\",\"potentialAction\":[{\"@type\":\"SearchAction\",\"target\":{\"@type\":\"EntryPoint\",\"urlTemplate\":\"https:\/\/elapirlanta.com\/en\/?s={search_term_string}\"},\"query-input\":{\"@type\":\"PropertyValueSpecification\",\"valueRequired\":true,\"valueName\":\"search_term_string\"}}],\"inLanguage\":\"en-US\"}]}<\/script>\n<!-- \/ Yoast SEO plugin. -->","yoast_head_json":{"title":"0.28 Carat Baguette Diamond Necklace - Ela Diamond","description":"ela p\u0131rlanta ile en modern ve en yenilik\u00e7i modeller ile tan\u0131\u015f\u0131n.","robots":{"index":"index","follow":"follow","max-snippet":"max-snippet:-1","max-image-preview":"max-image-preview:large","max-video-preview":"max-video-preview:-1"},"canonical":"https:\/\/elapirlanta.com\/en\/product\/0-28-carat-baguette-diamond-necklace\/","og_locale":"en_US","og_type":"article","og_title":"0.28 Carat Baguette Diamond Necklace - Ela Diamond","og_description":"ela p\u0131rlanta ile en modern ve en yenilik\u00e7i modeller ile tan\u0131\u015f\u0131n.","og_url":"https:\/\/elapirlanta.com\/en\/product\/0-28-carat-baguette-diamond-necklace\/","og_site_name":"Ela Diamond","article_modified_time":"2023-04-30T19:01:31+00:00","og_image":[{"width":2159,"height":2077,"url":"https:\/\/elapirlanta.com\/wp-content\/uploads\/2023\/04\/Kl-626.jpg","type":"image\/jpeg"}],"twitter_card":"summary_large_image","schema":{"@context":"https:\/\/schema.org","@graph":[{"@type":"WebPage","@id":"https:\/\/elapirlanta.com\/en\/product\/0-28-carat-baguette-diamond-necklace\/","url":"https:\/\/elapirlanta.com\/en\/product\/0-28-carat-baguette-diamond-necklace\/","name":"0.28 Carat Baguette Diamond Necklace - Ela Diamond","isPartOf":{"@id":"https:\/\/elapirlanta.com\/en\/#website"},"primaryImageOfPage":{"@id":"https:\/\/elapirlanta.com\/en\/product\/0-28-carat-baguette-diamond-necklace\/#primaryimage"},"image":{"@id":"https:\/\/elapirlanta.com\/en\/product\/0-28-carat-baguette-diamond-necklace\/#primaryimage"},"thumbnailUrl":"https:\/\/elapirlanta.com\/wp-content\/uploads\/2023\/04\/Kl-626.jpg","datePublished":"2023-04-30T19:00:32+00:00","dateModified":"2023-04-30T19:01:31+00:00","description":"ela p\u0131rlanta ile en modern ve en yenilik\u00e7i modeller ile tan\u0131\u015f\u0131n.","breadcrumb":{"@id":"https:\/\/elapirlanta.com\/en\/product\/0-28-carat-baguette-diamond-necklace\/#breadcrumb"},"inLanguage":"en-US","potentialAction":[{"@type":"ReadAction","target":["https:\/\/elapirlanta.com\/en\/product\/0-28-carat-baguette-diamond-necklace\/"]}]},{"@type":"ImageObject","inLanguage":"en-US","@id":"https:\/\/elapirlanta.com\/en\/product\/0-28-carat-baguette-diamond-necklace\/#primaryimage","url":"https:\/\/elapirlanta.com\/wp-content\/uploads\/2023\/04\/Kl-626.jpg","contentUrl":"https:\/\/elapirlanta.com\/wp-content\/uploads\/2023\/04\/Kl-626.jpg","width":2159,"height":2077},{"@type":"BreadcrumbList","@id":"https:\/\/elapirlanta.com\/en\/product\/0-28-carat-baguette-diamond-necklace\/#breadcrumb","itemListElement":[{"@type":"ListItem","position":1,"name":"Anasayfa","item":"https:\/\/elapirlanta.com\/en\/"},{"@type":"ListItem","position":2,"name":"Products","item":"https:\/\/elapirlanta.com\/en\/shop\/"},{"@type":"ListItem","position":3,"name":"0.28 Carat Baguette Diamond Necklace"}]},{"@type":"WebSite","@id":"https:\/\/elapirlanta.com\/en\/#website","url":"https:\/\/elapirlanta.com\/en\/","name":"Ela Diamond","description":"","potentialAction":[{"@type":"SearchAction","target":{"@type":"EntryPoint","urlTemplate":"https:\/\/elapirlanta.com\/en\/?s={search_term_string}"},"query-input":{"@type":"PropertyValueSpecification","valueRequired":true,"valueName":"search_term_string"}}],"inLanguage":"en-US"}]}},"_links":{"self":[{"href":"https:\/\/elapirlanta.com\/en\/wp-json\/wp\/v2\/product\/46207","targetHints":{"allow":["GET"]}}],"collection":[{"href":"https:\/\/elapirlanta.com\/en\/wp-json\/wp\/v2\/product"}],"about":[{"href":"https:\/\/elapirlanta.com\/en\/wp-json\/wp\/v2\/types\/product"}],"wp:featuredmedia":[{"embeddable":true,"href":"https:\/\/elapirlanta.com\/en\/wp-json\/wp\/v2\/media\/46211"}],"wp:attachment":[{"href":"https:\/\/elapirlanta.com\/en\/wp-json\/wp\/v2\/media?parent=46207"}],"wp:term":[{"taxonomy":"product_brand","embeddable":true,"href":"https:\/\/elapirlanta.com\/en\/wp-json\/wp\/v2\/product_brand?post=46207"},{"taxonomy":"product_cat","embeddable":true,"href":"https:\/\/elapirlanta.com\/en\/wp-json\/wp\/v2\/product_cat?post=46207"},{"taxonomy":"product_tag","embeddable":true,"href":"https:\/\/elapirlanta.com\/en\/wp-json\/wp\/v2\/product_tag?post=46207"}],"curies":[{"name":"wp","href":"https:\/\/api.w.org\/{rel}","templated":true}]}}