{"id":45938,"date":"2023-04-30T20:34:47","date_gmt":"2023-04-30T17:34:47","guid":{"rendered":"https:\/\/elapirlanta.com\/?post_type=product&#038;p=45938"},"modified":"2023-04-30T20:37:14","modified_gmt":"2023-04-30T17:37:14","slug":"0-08-carat-solitaire-diamond-ring","status":"publish","type":"product","link":"https:\/\/elapirlanta.com\/en\/product\/0-08-carat-solitaire-diamond-ring\/","title":{"rendered":"0.08 Carat Solitaire Diamond Ring"},"content":{"rendered":"","protected":false},"excerpt":{"rendered":"<p>1.47 GR 14 Carat Firm Certified<\/p>\n<table style=\"height: 96px;\" width=\"334\">\n<tbody>\n<tr>\n<td><strong>Type<\/strong><\/td>\n<td><b>Karat<\/b><\/td>\n<td><b>Color<\/b><\/td>\n<td><strong>Clarity<\/strong><\/td>\n<td><strong>Cut<\/strong><\/td>\n<\/tr>\n<tr>\n<td>DIAMOND<\/td>\n<td><span style=\"font-weight: 400;\">0,08<\/span><\/td>\n<td>G<\/td>\n<td>SI<\/td>\n<td>Round<\/td>\n<\/tr>\n<\/tbody>\n<\/table>\n","protected":false},"featured_media":45957,"template":"","meta":[],"product_brand":[],"product_cat":[89,139],"product_tag":[],"class_list":{"0":"post-45938","1":"product","2":"type-product","3":"status-publish","4":"has-post-thumbnail","6":"product_cat-diamond-necklaces","7":"product_cat-solitaire-necklace","9":"first","10":"instock","11":"shipping-taxable","12":"purchasable","13":"product-type-simple"},"yoast_head":"<!-- This site is optimized with the Yoast SEO plugin v24.4 - https:\/\/yoast.com\/wordpress\/plugins\/seo\/ -->\n<title>0.08 Carat Solitaire Diamond Ring - Ela Diamond<\/title>\n<meta name=\"description\" content=\"ela p\u0131rlanta ile en modern ve en yenilik\u00e7i modeller ile tan\u0131\u015f\u0131n.\" \/>\n<meta name=\"robots\" content=\"index, follow, max-snippet:-1, max-image-preview:large, max-video-preview:-1\" \/>\n<link rel=\"canonical\" href=\"https:\/\/elapirlanta.com\/en\/product\/0-08-carat-solitaire-diamond-ring\/\" \/>\n<meta property=\"og:locale\" content=\"en_US\" \/>\n<meta property=\"og:type\" content=\"article\" \/>\n<meta property=\"og:title\" content=\"0.08 Carat Solitaire Diamond Ring - Ela Diamond\" \/>\n<meta property=\"og:description\" content=\"ela p\u0131rlanta ile en modern ve en yenilik\u00e7i modeller ile tan\u0131\u015f\u0131n.\" \/>\n<meta property=\"og:url\" content=\"https:\/\/elapirlanta.com\/en\/product\/0-08-carat-solitaire-diamond-ring\/\" \/>\n<meta property=\"og:site_name\" content=\"Ela Diamond\" \/>\n<meta property=\"article:modified_time\" content=\"2023-04-30T17:37:14+00:00\" \/>\n<meta property=\"og:image\" content=\"https:\/\/elapirlanta.com\/wp-content\/uploads\/2023\/04\/Kl-498.jpg\" \/>\n\t<meta property=\"og:image:width\" content=\"2200\" \/>\n\t<meta property=\"og:image:height\" content=\"2091\" \/>\n\t<meta property=\"og:image:type\" content=\"image\/jpeg\" \/>\n<meta name=\"twitter:card\" content=\"summary_large_image\" \/>\n<script type=\"application\/ld+json\" class=\"yoast-schema-graph\">{\"@context\":\"https:\/\/schema.org\",\"@graph\":[{\"@type\":\"WebPage\",\"@id\":\"https:\/\/elapirlanta.com\/en\/product\/0-08-carat-solitaire-diamond-ring\/\",\"url\":\"https:\/\/elapirlanta.com\/en\/product\/0-08-carat-solitaire-diamond-ring\/\",\"name\":\"0.08 Carat Solitaire Diamond Ring - Ela Diamond\",\"isPartOf\":{\"@id\":\"https:\/\/elapirlanta.com\/en\/#website\"},\"primaryImageOfPage\":{\"@id\":\"https:\/\/elapirlanta.com\/en\/product\/0-08-carat-solitaire-diamond-ring\/#primaryimage\"},\"image\":{\"@id\":\"https:\/\/elapirlanta.com\/en\/product\/0-08-carat-solitaire-diamond-ring\/#primaryimage\"},\"thumbnailUrl\":\"https:\/\/elapirlanta.com\/wp-content\/uploads\/2023\/04\/Kl-498.jpg\",\"datePublished\":\"2023-04-30T17:34:47+00:00\",\"dateModified\":\"2023-04-30T17:37:14+00:00\",\"description\":\"ela p\u0131rlanta ile en modern ve en yenilik\u00e7i modeller ile tan\u0131\u015f\u0131n.\",\"breadcrumb\":{\"@id\":\"https:\/\/elapirlanta.com\/en\/product\/0-08-carat-solitaire-diamond-ring\/#breadcrumb\"},\"inLanguage\":\"en-US\",\"potentialAction\":[{\"@type\":\"ReadAction\",\"target\":[\"https:\/\/elapirlanta.com\/en\/product\/0-08-carat-solitaire-diamond-ring\/\"]}]},{\"@type\":\"ImageObject\",\"inLanguage\":\"en-US\",\"@id\":\"https:\/\/elapirlanta.com\/en\/product\/0-08-carat-solitaire-diamond-ring\/#primaryimage\",\"url\":\"https:\/\/elapirlanta.com\/wp-content\/uploads\/2023\/04\/Kl-498.jpg\",\"contentUrl\":\"https:\/\/elapirlanta.com\/wp-content\/uploads\/2023\/04\/Kl-498.jpg\",\"width\":2200,\"height\":2091},{\"@type\":\"BreadcrumbList\",\"@id\":\"https:\/\/elapirlanta.com\/en\/product\/0-08-carat-solitaire-diamond-ring\/#breadcrumb\",\"itemListElement\":[{\"@type\":\"ListItem\",\"position\":1,\"name\":\"Anasayfa\",\"item\":\"https:\/\/elapirlanta.com\/en\/\"},{\"@type\":\"ListItem\",\"position\":2,\"name\":\"Products\",\"item\":\"https:\/\/elapirlanta.com\/en\/shop\/\"},{\"@type\":\"ListItem\",\"position\":3,\"name\":\"0.08 Carat Solitaire Diamond Ring\"}]},{\"@type\":\"WebSite\",\"@id\":\"https:\/\/elapirlanta.com\/en\/#website\",\"url\":\"https:\/\/elapirlanta.com\/en\/\",\"name\":\"Ela Diamond\",\"description\":\"\",\"potentialAction\":[{\"@type\":\"SearchAction\",\"target\":{\"@type\":\"EntryPoint\",\"urlTemplate\":\"https:\/\/elapirlanta.com\/en\/?s={search_term_string}\"},\"query-input\":{\"@type\":\"PropertyValueSpecification\",\"valueRequired\":true,\"valueName\":\"search_term_string\"}}],\"inLanguage\":\"en-US\"}]}<\/script>\n<!-- \/ Yoast SEO plugin. -->","yoast_head_json":{"title":"0.08 Carat Solitaire Diamond Ring - Ela Diamond","description":"ela p\u0131rlanta ile en modern ve en yenilik\u00e7i modeller ile tan\u0131\u015f\u0131n.","robots":{"index":"index","follow":"follow","max-snippet":"max-snippet:-1","max-image-preview":"max-image-preview:large","max-video-preview":"max-video-preview:-1"},"canonical":"https:\/\/elapirlanta.com\/en\/product\/0-08-carat-solitaire-diamond-ring\/","og_locale":"en_US","og_type":"article","og_title":"0.08 Carat Solitaire Diamond Ring - Ela Diamond","og_description":"ela p\u0131rlanta ile en modern ve en yenilik\u00e7i modeller ile tan\u0131\u015f\u0131n.","og_url":"https:\/\/elapirlanta.com\/en\/product\/0-08-carat-solitaire-diamond-ring\/","og_site_name":"Ela Diamond","article_modified_time":"2023-04-30T17:37:14+00:00","og_image":[{"width":2200,"height":2091,"url":"https:\/\/elapirlanta.com\/wp-content\/uploads\/2023\/04\/Kl-498.jpg","type":"image\/jpeg"}],"twitter_card":"summary_large_image","schema":{"@context":"https:\/\/schema.org","@graph":[{"@type":"WebPage","@id":"https:\/\/elapirlanta.com\/en\/product\/0-08-carat-solitaire-diamond-ring\/","url":"https:\/\/elapirlanta.com\/en\/product\/0-08-carat-solitaire-diamond-ring\/","name":"0.08 Carat Solitaire Diamond Ring - Ela Diamond","isPartOf":{"@id":"https:\/\/elapirlanta.com\/en\/#website"},"primaryImageOfPage":{"@id":"https:\/\/elapirlanta.com\/en\/product\/0-08-carat-solitaire-diamond-ring\/#primaryimage"},"image":{"@id":"https:\/\/elapirlanta.com\/en\/product\/0-08-carat-solitaire-diamond-ring\/#primaryimage"},"thumbnailUrl":"https:\/\/elapirlanta.com\/wp-content\/uploads\/2023\/04\/Kl-498.jpg","datePublished":"2023-04-30T17:34:47+00:00","dateModified":"2023-04-30T17:37:14+00:00","description":"ela p\u0131rlanta ile en modern ve en yenilik\u00e7i modeller ile tan\u0131\u015f\u0131n.","breadcrumb":{"@id":"https:\/\/elapirlanta.com\/en\/product\/0-08-carat-solitaire-diamond-ring\/#breadcrumb"},"inLanguage":"en-US","potentialAction":[{"@type":"ReadAction","target":["https:\/\/elapirlanta.com\/en\/product\/0-08-carat-solitaire-diamond-ring\/"]}]},{"@type":"ImageObject","inLanguage":"en-US","@id":"https:\/\/elapirlanta.com\/en\/product\/0-08-carat-solitaire-diamond-ring\/#primaryimage","url":"https:\/\/elapirlanta.com\/wp-content\/uploads\/2023\/04\/Kl-498.jpg","contentUrl":"https:\/\/elapirlanta.com\/wp-content\/uploads\/2023\/04\/Kl-498.jpg","width":2200,"height":2091},{"@type":"BreadcrumbList","@id":"https:\/\/elapirlanta.com\/en\/product\/0-08-carat-solitaire-diamond-ring\/#breadcrumb","itemListElement":[{"@type":"ListItem","position":1,"name":"Anasayfa","item":"https:\/\/elapirlanta.com\/en\/"},{"@type":"ListItem","position":2,"name":"Products","item":"https:\/\/elapirlanta.com\/en\/shop\/"},{"@type":"ListItem","position":3,"name":"0.08 Carat Solitaire Diamond Ring"}]},{"@type":"WebSite","@id":"https:\/\/elapirlanta.com\/en\/#website","url":"https:\/\/elapirlanta.com\/en\/","name":"Ela Diamond","description":"","potentialAction":[{"@type":"SearchAction","target":{"@type":"EntryPoint","urlTemplate":"https:\/\/elapirlanta.com\/en\/?s={search_term_string}"},"query-input":{"@type":"PropertyValueSpecification","valueRequired":true,"valueName":"search_term_string"}}],"inLanguage":"en-US"}]}},"_links":{"self":[{"href":"https:\/\/elapirlanta.com\/en\/wp-json\/wp\/v2\/product\/45938","targetHints":{"allow":["GET"]}}],"collection":[{"href":"https:\/\/elapirlanta.com\/en\/wp-json\/wp\/v2\/product"}],"about":[{"href":"https:\/\/elapirlanta.com\/en\/wp-json\/wp\/v2\/types\/product"}],"wp:featuredmedia":[{"embeddable":true,"href":"https:\/\/elapirlanta.com\/en\/wp-json\/wp\/v2\/media\/45957"}],"wp:attachment":[{"href":"https:\/\/elapirlanta.com\/en\/wp-json\/wp\/v2\/media?parent=45938"}],"wp:term":[{"taxonomy":"product_brand","embeddable":true,"href":"https:\/\/elapirlanta.com\/en\/wp-json\/wp\/v2\/product_brand?post=45938"},{"taxonomy":"product_cat","embeddable":true,"href":"https:\/\/elapirlanta.com\/en\/wp-json\/wp\/v2\/product_cat?post=45938"},{"taxonomy":"product_tag","embeddable":true,"href":"https:\/\/elapirlanta.com\/en\/wp-json\/wp\/v2\/product_tag?post=45938"}],"curies":[{"name":"wp","href":"https:\/\/api.w.org\/{rel}","templated":true}]}}