{"id":34465,"date":"2023-04-29T01:18:01","date_gmt":"2023-04-28T22:18:01","guid":{"rendered":"https:\/\/elapirlanta.com\/?post_type=product&#038;p=34465"},"modified":"2023-04-29T01:19:52","modified_gmt":"2023-04-28T22:19:52","slug":"0-05-carat-effect-solitaire-diamond","status":"publish","type":"product","link":"https:\/\/elapirlanta.com\/en\/product\/0-05-carat-effect-solitaire-diamond\/","title":{"rendered":"0.05 Carat Effect Solitaire Diamond"},"content":{"rendered":"","protected":false},"excerpt":{"rendered":"<p>2.00 GR 8 Carat Firm Certified<\/p>\n<table style=\"height: 96px;\" width=\"334\">\n<tbody>\n<tr>\n<td><strong>Type<\/strong><\/td>\n<td><b>Karat<\/b><\/td>\n<td><b>Color<\/b><\/td>\n<td><strong>Clarity<\/strong><\/td>\n<td><strong>Cut<\/strong><\/td>\n<\/tr>\n<tr>\n<td>DIAMOND<\/td>\n<td><span style=\"font-weight: 400;\">0,05<\/span><\/td>\n<td>G<\/td>\n<td><span style=\"font-weight: 400;\">VS<\/span><\/td>\n<td>Round<\/td>\n<\/tr>\n<\/tbody>\n<\/table>\n","protected":false},"featured_media":34501,"template":"","meta":[],"product_brand":[],"product_cat":[146,158],"product_tag":[],"class_list":{"0":"post-34465","1":"product","2":"type-product","3":"status-publish","4":"has-post-thumbnail","6":"product_cat-diamond-rings","7":"product_cat-solitaire-ring","9":"first","10":"instock","11":"shipping-taxable","12":"purchasable","13":"product-type-variable"},"yoast_head":"<!-- This site is optimized with the Yoast SEO plugin v24.4 - https:\/\/yoast.com\/wordpress\/plugins\/seo\/ -->\n<title>0.05 Carat Effect Solitaire Diamond - Ela Diamond<\/title>\n<meta name=\"description\" content=\"ela p\u0131rlanta ile en modern ve en yenilik\u00e7i modeller ile tan\u0131\u015f\u0131n.\" \/>\n<meta name=\"robots\" content=\"index, follow, max-snippet:-1, max-image-preview:large, max-video-preview:-1\" \/>\n<link rel=\"canonical\" href=\"https:\/\/elapirlanta.com\/en\/product\/0-05-carat-effect-solitaire-diamond\/\" \/>\n<meta property=\"og:locale\" content=\"en_US\" \/>\n<meta property=\"og:type\" content=\"article\" \/>\n<meta property=\"og:title\" content=\"0.05 Carat Effect Solitaire Diamond - Ela Diamond\" \/>\n<meta property=\"og:description\" content=\"ela p\u0131rlanta ile en modern ve en yenilik\u00e7i modeller ile tan\u0131\u015f\u0131n.\" \/>\n<meta property=\"og:url\" content=\"https:\/\/elapirlanta.com\/en\/product\/0-05-carat-effect-solitaire-diamond\/\" \/>\n<meta property=\"og:site_name\" content=\"Ela Diamond\" \/>\n<meta property=\"article:modified_time\" content=\"2023-04-28T22:19:52+00:00\" \/>\n<meta property=\"og:image\" content=\"https:\/\/elapirlanta.com\/wp-content\/uploads\/2023\/04\/Yz-69.png\" \/>\n\t<meta property=\"og:image:width\" content=\"641\" \/>\n\t<meta property=\"og:image:height\" content=\"678\" \/>\n\t<meta property=\"og:image:type\" content=\"image\/png\" \/>\n<meta name=\"twitter:card\" content=\"summary_large_image\" \/>\n<script type=\"application\/ld+json\" class=\"yoast-schema-graph\">{\"@context\":\"https:\/\/schema.org\",\"@graph\":[{\"@type\":\"WebPage\",\"@id\":\"https:\/\/elapirlanta.com\/en\/product\/0-05-carat-effect-solitaire-diamond\/\",\"url\":\"https:\/\/elapirlanta.com\/en\/product\/0-05-carat-effect-solitaire-diamond\/\",\"name\":\"0.05 Carat Effect Solitaire Diamond - Ela Diamond\",\"isPartOf\":{\"@id\":\"https:\/\/elapirlanta.com\/en\/#website\"},\"primaryImageOfPage\":{\"@id\":\"https:\/\/elapirlanta.com\/en\/product\/0-05-carat-effect-solitaire-diamond\/#primaryimage\"},\"image\":{\"@id\":\"https:\/\/elapirlanta.com\/en\/product\/0-05-carat-effect-solitaire-diamond\/#primaryimage\"},\"thumbnailUrl\":\"https:\/\/elapirlanta.com\/wp-content\/uploads\/2023\/04\/Yz-69.png\",\"datePublished\":\"2023-04-28T22:18:01+00:00\",\"dateModified\":\"2023-04-28T22:19:52+00:00\",\"description\":\"ela p\u0131rlanta ile en modern ve en yenilik\u00e7i modeller ile tan\u0131\u015f\u0131n.\",\"breadcrumb\":{\"@id\":\"https:\/\/elapirlanta.com\/en\/product\/0-05-carat-effect-solitaire-diamond\/#breadcrumb\"},\"inLanguage\":\"en-US\",\"potentialAction\":[{\"@type\":\"ReadAction\",\"target\":[\"https:\/\/elapirlanta.com\/en\/product\/0-05-carat-effect-solitaire-diamond\/\"]}]},{\"@type\":\"ImageObject\",\"inLanguage\":\"en-US\",\"@id\":\"https:\/\/elapirlanta.com\/en\/product\/0-05-carat-effect-solitaire-diamond\/#primaryimage\",\"url\":\"https:\/\/elapirlanta.com\/wp-content\/uploads\/2023\/04\/Yz-69.png\",\"contentUrl\":\"https:\/\/elapirlanta.com\/wp-content\/uploads\/2023\/04\/Yz-69.png\",\"width\":641,\"height\":678},{\"@type\":\"BreadcrumbList\",\"@id\":\"https:\/\/elapirlanta.com\/en\/product\/0-05-carat-effect-solitaire-diamond\/#breadcrumb\",\"itemListElement\":[{\"@type\":\"ListItem\",\"position\":1,\"name\":\"Anasayfa\",\"item\":\"https:\/\/elapirlanta.com\/en\/\"},{\"@type\":\"ListItem\",\"position\":2,\"name\":\"Products\",\"item\":\"https:\/\/elapirlanta.com\/en\/shop\/\"},{\"@type\":\"ListItem\",\"position\":3,\"name\":\"0.05 Carat Effect Solitaire Diamond\"}]},{\"@type\":\"WebSite\",\"@id\":\"https:\/\/elapirlanta.com\/en\/#website\",\"url\":\"https:\/\/elapirlanta.com\/en\/\",\"name\":\"Ela Diamond\",\"description\":\"\",\"potentialAction\":[{\"@type\":\"SearchAction\",\"target\":{\"@type\":\"EntryPoint\",\"urlTemplate\":\"https:\/\/elapirlanta.com\/en\/?s={search_term_string}\"},\"query-input\":{\"@type\":\"PropertyValueSpecification\",\"valueRequired\":true,\"valueName\":\"search_term_string\"}}],\"inLanguage\":\"en-US\"}]}<\/script>\n<!-- \/ Yoast SEO plugin. -->","yoast_head_json":{"title":"0.05 Carat Effect Solitaire Diamond - Ela Diamond","description":"ela p\u0131rlanta ile en modern ve en yenilik\u00e7i modeller ile tan\u0131\u015f\u0131n.","robots":{"index":"index","follow":"follow","max-snippet":"max-snippet:-1","max-image-preview":"max-image-preview:large","max-video-preview":"max-video-preview:-1"},"canonical":"https:\/\/elapirlanta.com\/en\/product\/0-05-carat-effect-solitaire-diamond\/","og_locale":"en_US","og_type":"article","og_title":"0.05 Carat Effect Solitaire Diamond - Ela Diamond","og_description":"ela p\u0131rlanta ile en modern ve en yenilik\u00e7i modeller ile tan\u0131\u015f\u0131n.","og_url":"https:\/\/elapirlanta.com\/en\/product\/0-05-carat-effect-solitaire-diamond\/","og_site_name":"Ela Diamond","article_modified_time":"2023-04-28T22:19:52+00:00","og_image":[{"width":641,"height":678,"url":"https:\/\/elapirlanta.com\/wp-content\/uploads\/2023\/04\/Yz-69.png","type":"image\/png"}],"twitter_card":"summary_large_image","schema":{"@context":"https:\/\/schema.org","@graph":[{"@type":"WebPage","@id":"https:\/\/elapirlanta.com\/en\/product\/0-05-carat-effect-solitaire-diamond\/","url":"https:\/\/elapirlanta.com\/en\/product\/0-05-carat-effect-solitaire-diamond\/","name":"0.05 Carat Effect Solitaire Diamond - Ela Diamond","isPartOf":{"@id":"https:\/\/elapirlanta.com\/en\/#website"},"primaryImageOfPage":{"@id":"https:\/\/elapirlanta.com\/en\/product\/0-05-carat-effect-solitaire-diamond\/#primaryimage"},"image":{"@id":"https:\/\/elapirlanta.com\/en\/product\/0-05-carat-effect-solitaire-diamond\/#primaryimage"},"thumbnailUrl":"https:\/\/elapirlanta.com\/wp-content\/uploads\/2023\/04\/Yz-69.png","datePublished":"2023-04-28T22:18:01+00:00","dateModified":"2023-04-28T22:19:52+00:00","description":"ela p\u0131rlanta ile en modern ve en yenilik\u00e7i modeller ile tan\u0131\u015f\u0131n.","breadcrumb":{"@id":"https:\/\/elapirlanta.com\/en\/product\/0-05-carat-effect-solitaire-diamond\/#breadcrumb"},"inLanguage":"en-US","potentialAction":[{"@type":"ReadAction","target":["https:\/\/elapirlanta.com\/en\/product\/0-05-carat-effect-solitaire-diamond\/"]}]},{"@type":"ImageObject","inLanguage":"en-US","@id":"https:\/\/elapirlanta.com\/en\/product\/0-05-carat-effect-solitaire-diamond\/#primaryimage","url":"https:\/\/elapirlanta.com\/wp-content\/uploads\/2023\/04\/Yz-69.png","contentUrl":"https:\/\/elapirlanta.com\/wp-content\/uploads\/2023\/04\/Yz-69.png","width":641,"height":678},{"@type":"BreadcrumbList","@id":"https:\/\/elapirlanta.com\/en\/product\/0-05-carat-effect-solitaire-diamond\/#breadcrumb","itemListElement":[{"@type":"ListItem","position":1,"name":"Anasayfa","item":"https:\/\/elapirlanta.com\/en\/"},{"@type":"ListItem","position":2,"name":"Products","item":"https:\/\/elapirlanta.com\/en\/shop\/"},{"@type":"ListItem","position":3,"name":"0.05 Carat Effect Solitaire Diamond"}]},{"@type":"WebSite","@id":"https:\/\/elapirlanta.com\/en\/#website","url":"https:\/\/elapirlanta.com\/en\/","name":"Ela Diamond","description":"","potentialAction":[{"@type":"SearchAction","target":{"@type":"EntryPoint","urlTemplate":"https:\/\/elapirlanta.com\/en\/?s={search_term_string}"},"query-input":{"@type":"PropertyValueSpecification","valueRequired":true,"valueName":"search_term_string"}}],"inLanguage":"en-US"}]}},"_links":{"self":[{"href":"https:\/\/elapirlanta.com\/en\/wp-json\/wp\/v2\/product\/34465","targetHints":{"allow":["GET"]}}],"collection":[{"href":"https:\/\/elapirlanta.com\/en\/wp-json\/wp\/v2\/product"}],"about":[{"href":"https:\/\/elapirlanta.com\/en\/wp-json\/wp\/v2\/types\/product"}],"wp:featuredmedia":[{"embeddable":true,"href":"https:\/\/elapirlanta.com\/en\/wp-json\/wp\/v2\/media\/34501"}],"wp:attachment":[{"href":"https:\/\/elapirlanta.com\/en\/wp-json\/wp\/v2\/media?parent=34465"}],"wp:term":[{"taxonomy":"product_brand","embeddable":true,"href":"https:\/\/elapirlanta.com\/en\/wp-json\/wp\/v2\/product_brand?post=34465"},{"taxonomy":"product_cat","embeddable":true,"href":"https:\/\/elapirlanta.com\/en\/wp-json\/wp\/v2\/product_cat?post=34465"},{"taxonomy":"product_tag","embeddable":true,"href":"https:\/\/elapirlanta.com\/en\/wp-json\/wp\/v2\/product_tag?post=34465"}],"curies":[{"name":"wp","href":"https:\/\/api.w.org\/{rel}","templated":true}]}}